{"id":60,"date":"2012-07-09T10:31:04","date_gmt":"2012-07-09T10:31:04","guid":{"rendered":"http:\/\/www.iccasorate.eduva.org\/?page_id=60"},"modified":"2015-07-16T12:24:05","modified_gmt":"2015-07-16T12:24:05","slug":"crediti","status":"publish","type":"page","link":"https:\/\/www.icferno.edu.it\/old\/crediti\/","title":{"rendered":"Crediti"},"content":{"rendered":"<p>Questo sito \u00e8 realizzato in ambiente WordPress, <acronym title=\"Content Management System\" lang=\"en\">CMS<\/acronym> open source.<\/p>\n<p>Il tema \u00e8 stato adattato per questo sito da Maria Morrone<\/p>\n<p>Il modello di sito \u00e8 stato messo a disposizione dalla comunit\u00e0 di pratica <a title=\"sito esterno\" href=\"http:\/\/www.porteapertesulweb.it\/\">Porte aperte sul web<\/a>, promossa da USR Lombardia e gestita con passione e professionalit\u00e0 da docenti, personale amministrativo ed appassionati di diverse regioni italiane.<\/p>\n<p>In particolare questo modello (tema) si \u00e8 avvalso di contributi di:<\/p>\n<ul>\n<li>Renata Durighello, autrice del <a title=\"sito esterno\" href=\"http:\/\/www.scuolacooperativa.net\/wordpress\/\">primo modello Scuola aperta sul web<\/a> nell\u2019ambito del progetto <em>Un CMS per la scuola<\/em> e di alcune modifiche sul layout grafico;<\/li>\n<li>Ignazio Scimone, autore del plugin sull&#8217;Albo pretorio e di alcune innovazioni nella gestione automatica del tema;<\/li>\n<li>Alberto Ardizzone, autore di alcuni adattamenti per l&#8217;accessibilit\u00e0 e di alcuni videotutorial di addestramento all&#8217;uso del tema;<\/li>\n<li>USR Lombardia, per la gentile concessione del <a title=\"link al sito dell'USR Lombardia\" href=\"http:\/\/www.istruzione.lombardia.it\/\">primo modello<\/a> messo a punto dal <a title=\"sito esterno\" href=\"http:\/\/www.istruzione.lombardia.it\/crediti\/\">gruppo redazionale<\/a> dell\u2019ufficio IX a partire da un template realizzato da Roberto Scano per il corso di formazione <acronym title=\"Ministero dell'Istruzione, dell'universit\u00e0 e della ricerca\">MIUR<\/acronym> per la gestione dei siti web istituzionali, realizzato nell\u2019anno 2009\/2010;<\/li>\n<li>Ronny Brusetti per la gestione dei menu orizzontali e la correzione di alcuni errori nel codice;<\/li>\n<li><a title=\"sito esterno\" href=\"http:\/\/www.iccorniglio.gov.it\/\">Angelo Paganini<\/a> per alcuni accorgimenti tecnici e per la gestione di alcuni contenuti;<\/li>\n<li>Angelo Paganini, Franca Vitelli e Sofia Sabatti, dai cui siti sono stati tratti molti dei testi a supporto delle pagine del tema;<\/li>\n<li>Lillo Sciascia, Antonello Facchetti, Paolo Mauri e tutti i membri del <a title=\"link al sito esterno di wp3-social\" href=\"http:\/\/www.scuolacooperativa.net\/wp3-social\/\"><em>social<\/em><\/a> per i suggerimenti, le prove sul campo e il sostegno dato a chi usa i nostri materiali;<\/li>\n<li>Nadia Caprotti e Mario Varini per le indicazioni circa il trattamento dei contenuti inerenti il codice dell&#8217;amministrazione digitale;<\/li>\n<li>Federica Scarrione e Caterina Policaro per i contributi sull&#8217;implementazione di ambienti social nel sito;<\/li>\n<li>Fabrizio Rota a cui si deve lo scripi per convertite risorse web 2.0 in xhtml strict valido;<\/li>\n<li>tutti, ma prorpio tutti, i componenti della comunit\u00e0 di pratica Porte aperte sul web, perch\u00e9 ci sono sempre nei momenti del bisogno e perch\u00e9 \u00e8 bello lavorare con loro.<\/li>\n<\/ul>\n<p>Il tema \u00e8 rilasciato con licenza <a title=\"sito esterno\" href=\"http:\/\/creativecommons.org\/licenses\/by-nc-sa\/2.5\/it\/\">Creative Commons Attribuzione-Non commerciale-Condividi allo stesso modo<\/a> in modo da permetterne la diffusione e il riuso liberi con citazione degli autori e potr\u00e0 essere utilizzato dagli ambiti territoriali e dalle scuole che ne faranno richiesta.<\/p>\n<p>Milano, 26 luglio 2012<\/p>\n","protected":false},"excerpt":{"rendered":"<p>Questo sito \u00e8 realizzato in ambiente WordPress, CMS open source. Il tema \u00e8 stato adattato per questo sito da Maria Morrone Il modello di sito \u00e8 stato messo a disposizione dalla comunit\u00e0 di pratica Porte aperte sul web, promossa da USR Lombardia e gestita con passione e professionalit\u00e0 da docenti, personale amministrativo ed appassionati di&nbsp; &nbsp; <a class=\"moretag\" href=\"https:\/\/www.icferno.edu.it\/old\/crediti\/\" title=\"Leggi l&#180;intero articolo\">&raquo;<\/a><\/p>\n","protected":false},"author":1,"featured_media":0,"parent":0,"menu_order":0,"comment_status":"closed","ping_status":"closed","template":"","meta":{"ngg_post_thumbnail":0,"footnotes":""},"class_list":["post-60","page","type-page","status-publish","hentry"],"_links":{"self":[{"href":"https:\/\/www.icferno.edu.it\/old\/wp-json\/wp\/v2\/pages\/60"}],"collection":[{"href":"https:\/\/www.icferno.edu.it\/old\/wp-json\/wp\/v2\/pages"}],"about":[{"href":"https:\/\/www.icferno.edu.it\/old\/wp-json\/wp\/v2\/types\/page"}],"author":[{"embeddable":true,"href":"https:\/\/www.icferno.edu.it\/old\/wp-json\/wp\/v2\/users\/1"}],"replies":[{"embeddable":true,"href":"https:\/\/www.icferno.edu.it\/old\/wp-json\/wp\/v2\/comments?post=60"}],"version-history":[{"count":1,"href":"https:\/\/www.icferno.edu.it\/old\/wp-json\/wp\/v2\/pages\/60\/revisions"}],"predecessor-version":[{"id":3022,"href":"https:\/\/www.icferno.edu.it\/old\/wp-json\/wp\/v2\/pages\/60\/revisions\/3022"}],"wp:attachment":[{"href":"https:\/\/www.icferno.edu.it\/old\/wp-json\/wp\/v2\/media?parent=60"}],"curies":[{"name":"wp","href":"https:\/\/api.w.org\/{rel}","templated":true}]}}