{"id":55,"date":"2012-07-09T10:30:26","date_gmt":"2012-07-09T10:30:26","guid":{"rendered":"http:\/\/www.iccasorate.eduva.org\/?page_id=55"},"modified":"2020-09-24T07:03:54","modified_gmt":"2020-09-24T07:03:54","slug":"note-legali","status":"publish","type":"page","link":"https:\/\/www.icferno.edu.it\/old\/note-legali\/","title":{"rendered":"Note legali"},"content":{"rendered":"<div>\n<h3>Copyright e Download<\/h3>\n<p>I contenuti di questo sito, salvo diversa indicazione, sono rilasciati sotto una licenza licenza <a href=\"http:\/\/creativecommons.org\/licenses\/by-nc-sa\/3.0\/\" rel=\"license\">Attribuzione-Non commerciale-Condividi allo stesso modo 3.0 Unported<\/a> di Creative Commons<br \/>\nTutti i marchi sono propriet\u00e0 dei rispettivi proprietari<\/p>\n<h3>Utilizzo del sito<\/h3>\n<p>In nessun caso l\u2019Istituto Benedetto Croce potr\u00e0 essere ritenuto responsabile dei danni di qualsiasi natura causati direttamente o indirettamente dall\u2019accesso al sito, dall\u2019incapacit\u00e0 o impossibilit\u00e0 di accedervi, dall\u2019affidamento dell\u2019utente e dall\u2019utilizzo dei contenuti. L\u2019istituto provveder\u00e0 a inserire nel sito informazioni aggiornate, ma non garantisce circa la loro completezza o accuratezza.<\/p>\n<h3>Accesso a siti esterni collegati<\/h3>\n<p>L\u2019Istituto&nbsp;Benedetto Croce&nbsp;non ha alcuna responsabilit\u00e0 per quanto riguarda i siti ai quali \u00e8 possibile accedere tramite i collegamenti posti all\u2019interno del sito stesso: sono forniti come semplice servizio agli utenti della rete. Fornire collegamenti non implica l\u2019approvazione dei siti stess. L\u2019Istituto Comprensivo di Corniglio non \u00e8 responsabile in merito alle informazioni ottenute dall\u2019utente tramite l\u2019accesso ai siti collegati: della completezza e precisione delle informazioni sono da ritenersi responsabili i soggetti titolari dei siti ai quali si accede alle condizioni dagli stessi previste. L\u2019Istituto &#8230; non offre alcuna assicurazione sul software eventualmente presente sul proprio sito o su siti esterni e non pu\u00f2 garantirne qualit\u00e0, sicurezza e compatibilit\u00e0 con i sistemi in uso.<\/p>\n<h3>Virus informatici<\/h3>\n<p>L\u2019Istituto Benedetto Croce non garantisce che il sito sia privo di errori o virus. L\u2019Istituto, i suoi fornitori e i suoi collaboratori non sono responsabili per i danni subiti dall\u2019utente a causa di tali elementi di carattere distruttivo.<\/p>\n<\/div>\n","protected":false},"excerpt":{"rendered":"<p>Copyright e Download I contenuti di questo sito, salvo diversa indicazione, sono rilasciati sotto una licenza licenza Attribuzione-Non commerciale-Condividi allo stesso modo 3.0 Unported di Creative Commons Tutti i marchi sono propriet\u00e0 dei rispettivi proprietari Utilizzo del sito In nessun caso l\u2019Istituto Benedetto Croce potr\u00e0 essere ritenuto responsabile dei danni di qualsiasi natura causati direttamente&nbsp; &nbsp; <a class=\"moretag\" href=\"https:\/\/www.icferno.edu.it\/old\/note-legali\/\" title=\"Leggi l&#180;intero articolo\">&raquo;<\/a><\/p>\n","protected":false},"author":1,"featured_media":0,"parent":0,"menu_order":0,"comment_status":"closed","ping_status":"closed","template":"","meta":{"ngg_post_thumbnail":0,"footnotes":""},"class_list":["post-55","page","type-page","status-publish","hentry"],"_links":{"self":[{"href":"https:\/\/www.icferno.edu.it\/old\/wp-json\/wp\/v2\/pages\/55"}],"collection":[{"href":"https:\/\/www.icferno.edu.it\/old\/wp-json\/wp\/v2\/pages"}],"about":[{"href":"https:\/\/www.icferno.edu.it\/old\/wp-json\/wp\/v2\/types\/page"}],"author":[{"embeddable":true,"href":"https:\/\/www.icferno.edu.it\/old\/wp-json\/wp\/v2\/users\/1"}],"replies":[{"embeddable":true,"href":"https:\/\/www.icferno.edu.it\/old\/wp-json\/wp\/v2\/comments?post=55"}],"version-history":[{"count":2,"href":"https:\/\/www.icferno.edu.it\/old\/wp-json\/wp\/v2\/pages\/55\/revisions"}],"predecessor-version":[{"id":9489,"href":"https:\/\/www.icferno.edu.it\/old\/wp-json\/wp\/v2\/pages\/55\/revisions\/9489"}],"wp:attachment":[{"href":"https:\/\/www.icferno.edu.it\/old\/wp-json\/wp\/v2\/media?parent=55"}],"curies":[{"name":"wp","href":"https:\/\/api.w.org\/{rel}","templated":true}]}}