{"id":3095,"date":"2015-07-16T17:10:55","date_gmt":"2015-07-16T17:10:55","guid":{"rendered":"http:\/\/www.icferno.gov.it\/?page_id=3095"},"modified":"2015-07-16T17:10:55","modified_gmt":"2015-07-16T17:10:55","slug":"alunni-con-disturbi-specifici-dellapprendimento-dsa","status":"publish","type":"page","link":"https:\/\/www.icferno.edu.it\/old\/bisogni-educativi-speciali\/alunni-con-disturbi-specifici-dellapprendimento-dsa\/","title":{"rendered":"Alunni con Disturbi Specifici dell&#8217;Apprendimento (DSA)"},"content":{"rendered":"<p>Dai dati del nostro Istituto emerge che la dislessia rappresenta un disturbo largamente diffuso sia alla Scuola Primaria che alla Scuola Secondaria. \u00c8 per questo che nel corpo docente sono cresciuti interesse ed attenzione sia nei confronti del problema sia sulle modalit\u00e0 per affrontarlo.<\/p>\n<p>I ragazzi con DSA hanno tante caratteristiche in comune, ma sono anche profondamente diversi l\u2019uno dall\u2019altro: ognuno possiede un misto di disabilit\u00e0 e di talenti, di desideri ed emozioni che devono essere affrontati con professionalit\u00e0, sensibilit\u00e0 e flessibilit\u00e0.<\/p>\n<p>Agli insegnanti \u00e8 affidato il non sempre facile compito di conoscere le caratteristiche dei DSA, di costruire giorno per giorno una didattica adeguata alle esigenze di tutti gli alunni, di collaborare con le famiglie per guidare gli alunni con DSA alla costruzione del proprio percorso.<\/p>\n<p>Tenendo conto anche della normativa in merito, i docenti sono tenuti a:<\/p>\n<ul>\n<li><b>conoscere<\/b> i disturbi specifici e generici dell\u2019apprendimento,<\/li>\n<li><b>saper individuare<\/b> i sintomi pi\u00f9 comuni, sia nell\u2019area linguistica letteraria, che in quella logico matematica,<\/li>\n<li><b>non sottovalutare<\/b> i problemi sociali ed emotivi collegati,<\/li>\n<li><b>usare<\/b> strategie mirate che possono prevedere strumenti compensativi (PC, tabelle, carte tematiche, registratore, libro parlato, calcolatrice),<\/li>\n<li><b>predisporre<\/b> verifiche scritte ed orali con modalit\u00e0 adeguate.<\/li>\n<\/ul>\n<p><b>L\u2019\u00e9quipe pedagogica <\/b>\u00e8 tenuta ad uno stretto collegamento con psicologi e medici che fanno la diagnosi e con i terapisti, in modo tale da costituire una rete intorno al bambino e adottare un approccio omogeneo.<\/p>\n<p>\u00c8 altrettanto importante uno stretto e continuo collegamento con l\u2019ambiente familiare per lavorare in sinergia\u00a0 nell\u2019utilizzare metodi e strategie adeguate.<\/p>\n","protected":false},"excerpt":{"rendered":"<p>Dai dati del nostro Istituto emerge che la dislessia rappresenta un disturbo largamente diffuso sia alla Scuola Primaria che alla Scuola Secondaria. \u00c8 per questo che nel corpo docente sono cresciuti interesse ed attenzione sia nei confronti del problema sia sulle modalit\u00e0 per affrontarlo. I ragazzi con DSA hanno tante caratteristiche in comune, ma sono&nbsp; &nbsp; <a class=\"moretag\" href=\"https:\/\/www.icferno.edu.it\/old\/bisogni-educativi-speciali\/alunni-con-disturbi-specifici-dellapprendimento-dsa\/\" title=\"Leggi l&#180;intero articolo\">&raquo;<\/a><\/p>\n","protected":false},"author":1,"featured_media":0,"parent":3067,"menu_order":0,"comment_status":"closed","ping_status":"open","template":"","meta":{"ngg_post_thumbnail":0,"footnotes":""},"class_list":["post-3095","page","type-page","status-publish","hentry"],"_links":{"self":[{"href":"https:\/\/www.icferno.edu.it\/old\/wp-json\/wp\/v2\/pages\/3095"}],"collection":[{"href":"https:\/\/www.icferno.edu.it\/old\/wp-json\/wp\/v2\/pages"}],"about":[{"href":"https:\/\/www.icferno.edu.it\/old\/wp-json\/wp\/v2\/types\/page"}],"author":[{"embeddable":true,"href":"https:\/\/www.icferno.edu.it\/old\/wp-json\/wp\/v2\/users\/1"}],"replies":[{"embeddable":true,"href":"https:\/\/www.icferno.edu.it\/old\/wp-json\/wp\/v2\/comments?post=3095"}],"version-history":[{"count":1,"href":"https:\/\/www.icferno.edu.it\/old\/wp-json\/wp\/v2\/pages\/3095\/revisions"}],"predecessor-version":[{"id":3096,"href":"https:\/\/www.icferno.edu.it\/old\/wp-json\/wp\/v2\/pages\/3095\/revisions\/3096"}],"up":[{"embeddable":true,"href":"https:\/\/www.icferno.edu.it\/old\/wp-json\/wp\/v2\/pages\/3067"}],"wp:attachment":[{"href":"https:\/\/www.icferno.edu.it\/old\/wp-json\/wp\/v2\/media?parent=3095"}],"curies":[{"name":"wp","href":"https:\/\/api.w.org\/{rel}","templated":true}]}}