{"id":3072,"date":"2015-07-16T15:13:48","date_gmt":"2015-07-16T15:13:48","guid":{"rendered":"http:\/\/www.icferno.gov.it\/?page_id=3072"},"modified":"2015-07-16T15:13:48","modified_gmt":"2015-07-16T15:13:48","slug":"valutazione-degli-alunni","status":"publish","type":"page","link":"https:\/\/www.icferno.edu.it\/old\/valutazione-2\/valutazione-degli-alunni\/","title":{"rendered":"Valutazione degli alunni"},"content":{"rendered":"<h3>Premessa<\/h3>\n<p>Nell\u2019Istituto il momento della valutazione \u00e8 considerato essenziale e fondamentale nel processo di insegnamento-apprendimento, in quanto non solo definisce l&#8217;esito sommativo (primo quadrimestre) e conclusivo (secondo quadrimestre), indicando in quale misura gli obiettivi sono stati raggiunti, ma orienta anche le scelte successive e concorre attivamente alla regolazione in itinere dello stesso processo di insegnamento-apprendimento.<\/p>\n<p>Come richiama il Regolamento (DPR 122\/09), la valutazione ha per oggetto il processo di apprendimento, il comportamento, il rendimento scolastico complessivo degli alunni, non \u00e8 un evento conclusivo dei percorsi scolastici, essa precede, accompagna e segue i percorsi curricolari, attiva le azioni da intraprendere, regola quelle avviate, assume una funzione formativa, di accompagnamento dei processi di apprendimento e di stimolo al miglioramento continuo.<\/p>\n<p>I processi valutativi attuati nell\u2019istituto regolano la didattica, rendendola sempre pi\u00f9 adeguata ed efficace rispetto alle effettive capacit\u00e0 degli alunni. La verifica intermedia serve per ritornare su quanto \u00e8 stato fatto in passato e sulla sua adeguatezza per il futuro. Ci\u00f2 vale per gli alunni che si confrontano con il proprio apprendimento e vale per i docenti che si devono confrontare con il proprio insegnamento.<\/p>\n<p>Inoltre la valutazione ha una funzione orientativa in quanto, sulla base di una realistica conoscenza delle proprie potenzialit\u00e0 e limiti, &#8216;la scuola certifica i livelli di apprendimento raggiunti da ciascun alunno, al fine di favorire l&#8217;orientamento per la prosecuzione degli studi&#8217;.<\/p>\n<p>Per raggiungere gli obiettivi descritti nelle parti precedenti di questo Piano dell\u2019Offerta Formativa, i docenti dell\u2019Istituto nell\u2019ambito della valutazione devono essere in grado di:<\/p>\n<ul>\n<li>valutare con trasparenza, omogeneit\u00e0 ed equit\u00e0 il raggiungimento dei traguardi prefissati<\/li>\n<li>predisporre verifiche intermedie e le valutazioni periodiche e finali coerenti con gli obiettivi di apprendimento e i traguardi previsti per lo sviluppo delle competenze stabiliti dal collegio docenti nei Curricoli verticali e allegati al pof.<\/li>\n<li>condividere gli oggetti di valutazione (traguardi, obiettivi, procedure, strumenti, criteri)<\/li>\n<li>comunicare agli alunni e alle loro famiglie in modo puntuale e continuo i criteri e i risultati raggiunti nei diversi momenti del percorso scolastico.<\/li>\n<\/ul>\n<p>La valutazione si configura come formativa nel momento in cui \u00e8 un processo continuo e dinamico\u00a0 al cui interno si possono individuare i seguenti momenti:<\/p>\n<ol>\n<li>Rilevazione della situazione di partenza: viene realizzata attraverso osservazioni e opportune prove d\u2019ingresso somministrate agli alunni nel periodo iniziale. Essa \u00e8 strumento fondamentale per evidenziare i bisogni formativi del gruppo classe ed individuare gli O.F. (obiettivi formativi) e le competenze da promuovere.<\/li>\n<li>Valutazione Intermedia<\/li>\n<li>Valutazione finale.<\/li>\n<\/ol>\n<p>Costituiscono oggetto della valutazione:<\/p>\n<ul>\n<li>Gli apprendimenti: riguardano i livelli raggiunti dagli allievi nelle conoscenze\/abilit\u00e0, individuate negli obiettivi formativi formulati dai docenti per le diverse discipline e unit\u00e0 di lavoro transdisciplinari realizzate e desunte, attraverso l\u2019autonoma mediazione didattica dei docenti dalle Indicazioni Nazionali;<\/li>\n<li>Il comportamento dell\u2019alunno: viene considerato in ordine al grado di interesse e alle modalit\u00e0 di partecipazione alla comunit\u00e0 educativa della classe e della scuola, all\u2019impegno e alla capacit\u00e0 di relazione con gli altri; (punto B circolare 85 del 2004);<\/li>\n<li>Le attivit\u00e0 del tempo pieno\/prolungato rispetto a partecipazione\/impegno e competenze acquisite<\/li>\n<\/ul>\n<p>Conoscenze e abilit\u00e0 concorrono a promuovere le COMPETENZE personali che sono oggetto della CERTIFICAZIONE DELLE COMPETENZE come momento conclusivo della valutazione complessiva dei due ordini di scuola.<\/p>\n<p>Gli insegnanti procedono alla valutazione conclusiva dei singoli alunni ai fini del passaggio al periodo successivo tenendo conto dei seguenti<\/p>\n<h3><b>Criteri di ammissione alla classe successiva\/esame conclusivo 1\u00b0 ciclo<\/b><\/h3>\n<ol>\n<li>progressione nella valutazione degli apprendimenti;<\/li>\n<li>partecipazione e risposta positiva alle attivit\u00e0 individualizzate e personalizzate;<\/li>\n<li>crediti di comportamento;<\/li>\n<li>adeguatezza degli apprendimenti, anche incompleti, alle attivit\u00e0 formative previste per l\u2019anno successivo;<\/li>\n<li>incidenza sugli apprendimenti della situazione personale, socio-economica e di contesto dell\u2019alunno.<\/li>\n<\/ol>\n<p><b>\u00a0<\/b><\/p>\n<p>Come da normativa le equipe pedagogiche possono non ammettere un alunno alla classe successiva, con decisione assunta all\u2019unanimit\u00e0 per la scuola primaria e anche a maggioranza per la scuola secondaria 1\u00b0, in casi eccezionali comprovati da specifiche motivazioni e in presenza di adeguata documentazione attestante le strategie e interventi adottati per il recupero dell\u2019alunno stesso.<\/p>\n<p><b>Alcune considerazioni<\/b>:<\/p>\n<ul>\n<li>Nel momento della valutazione complessiva bisogna valutare i progressi educativi globali<\/li>\n<li>Bisogna tener conto del percorso di apprendimento rispetto al livello della situazione di partenza: per alcuni ragazzi, con lacune molto gravi, il raggiungimento di obiettivi prioritari, concordati nella \u00e9quipe pedagogica, \u00e8 un risultato apprezzabile.<\/li>\n<li>In taluni casi il raggiungimento di un maggior autocontrollo e di una maggiore responsabilizzazione rappresentano l&#8217;obiettivo primario<\/li>\n<li>In tutti i casi l&#8217;impegno profuso dall&#8217;allievo, anche carente sul piano della comprensione, non pu\u00f2 essere ignorato<\/li>\n<li>Un elemento da non sottovalutare \u00e8 la capacit\u00e0 di mettersi in relazione con soggetti diversi e di mostrarsi disponibile all\u2019ascolto delle ragioni altrui, al rispetto, alla tolleranza, alla cooperazione.<\/li>\n<li>Nel caso in cui si scelga di non ammettere un alunno alla classe successiva, bisogna tenere conto delle dinamiche che potrebbero instaurarsi nel nuovo gruppo classe.<\/li>\n<li>Il momento della valutazione \u00e8 anche momento di autovalutazione dell&#8217;insegnante, in quanto ogni docente deve verificare se i metodi usati sono stati efficaci e se deve apportare delle modifiche.<\/li>\n<\/ul>\n<p>Ogni anno il Collegio Docenti stabilisce i criteri in deroga all\u2019obbligo di frequenza per la Scuola Secondaria di primo grado (articolo 3 c.2 del D.P.R. 122\/09:<\/p>\n<p>a) alunni diversamente abili che abbiano superato il limite di assenze a causa di particolari terapie certificate;<br \/>\nb) alunni in forte disagio per i quali sia stato costruito un percorso educativo personalizzato che abbia previsto un\u2019alternanza scuola\/altra agenzia;<br \/>\nc) alunni che abbiano superato il limite di assenze a causa di gravi patologie certificate e\/o ricoveri ospedalieri;<br \/>\nd) alunni che abbiano superato il limite di assenze a causa di gravi motivi familiari documentati;<br \/>\ne) alunni che, pur non avendo frequentato i \u00be del tempo scuola previsto, hanno raggiunto completezza degli apprendimenti a livelli di apprendimento superiori a sei\/decimi in tutte quante le discipline in fase di proposta dei docenti di cattedra;<br \/>\nf) assenze dovute a partecipazioni ad attivit\u00e0 sportive e agonistiche organizzate da federazioni riconosciute dal C.O.N.I. (Circolare Ministeriale n. 20 del 04.03.11) Si procede a votazione.<\/p>\n","protected":false},"excerpt":{"rendered":"<p>Premessa Nell\u2019Istituto il momento della valutazione \u00e8 considerato essenziale e fondamentale nel processo di insegnamento-apprendimento, in quanto non solo definisce l&#8217;esito sommativo (primo quadrimestre) e conclusivo (secondo quadrimestre), indicando in quale misura gli obiettivi sono stati raggiunti, ma orienta anche le scelte successive e concorre attivamente alla regolazione in itinere dello stesso processo di insegnamento-apprendimento.&nbsp; &nbsp; <a class=\"moretag\" href=\"https:\/\/www.icferno.edu.it\/old\/valutazione-2\/valutazione-degli-alunni\/\" title=\"Leggi l&#180;intero articolo\">&raquo;<\/a><\/p>\n","protected":false},"author":1,"featured_media":0,"parent":3057,"menu_order":0,"comment_status":"closed","ping_status":"open","template":"","meta":{"ngg_post_thumbnail":0,"footnotes":""},"class_list":["post-3072","page","type-page","status-publish","hentry"],"_links":{"self":[{"href":"https:\/\/www.icferno.edu.it\/old\/wp-json\/wp\/v2\/pages\/3072"}],"collection":[{"href":"https:\/\/www.icferno.edu.it\/old\/wp-json\/wp\/v2\/pages"}],"about":[{"href":"https:\/\/www.icferno.edu.it\/old\/wp-json\/wp\/v2\/types\/page"}],"author":[{"embeddable":true,"href":"https:\/\/www.icferno.edu.it\/old\/wp-json\/wp\/v2\/users\/1"}],"replies":[{"embeddable":true,"href":"https:\/\/www.icferno.edu.it\/old\/wp-json\/wp\/v2\/comments?post=3072"}],"version-history":[{"count":2,"href":"https:\/\/www.icferno.edu.it\/old\/wp-json\/wp\/v2\/pages\/3072\/revisions"}],"predecessor-version":[{"id":3166,"href":"https:\/\/www.icferno.edu.it\/old\/wp-json\/wp\/v2\/pages\/3072\/revisions\/3166"}],"up":[{"embeddable":true,"href":"https:\/\/www.icferno.edu.it\/old\/wp-json\/wp\/v2\/pages\/3057"}],"wp:attachment":[{"href":"https:\/\/www.icferno.edu.it\/old\/wp-json\/wp\/v2\/media?parent=3072"}],"curies":[{"name":"wp","href":"https:\/\/api.w.org\/{rel}","templated":true}]}}