{"id":3048,"date":"2015-07-16T13:10:57","date_gmt":"2015-07-16T13:10:57","guid":{"rendered":"http:\/\/www.icferno.gov.it\/?page_id=3048"},"modified":"2016-12-03T15:55:20","modified_gmt":"2016-12-03T15:55:20","slug":"orientamento","status":"publish","type":"page","link":"https:\/\/www.icferno.edu.it\/old\/studenti\/orientamento\/","title":{"rendered":"Orientamento"},"content":{"rendered":"<h2>L&#8217;orientamento come dimensione formativa portante.<\/h2>\n<p><img loading=\"lazy\" decoding=\"async\" class=\"size-full wp-image-4453 aligncenter\" src=\"http:\/\/www.icferno.gov.it\/wp-content\/uploads\/2012\/07\/imm-orientamento-rid.jpg\" alt=\"ORIENTAMENTO\" width=\"287\" height=\"296\" srcset=\"https:\/\/www.icferno.edu.it\/old\/wp-content\/uploads\/2012\/07\/imm-orientamento-rid.jpg 287w, https:\/\/www.icferno.edu.it\/old\/wp-content\/uploads\/2012\/07\/imm-orientamento-rid-180x186.jpg 180w\" sizes=\"(max-width: 287px) 100vw, 287px\" \/><\/p>\n<p><!--more--><\/p>\n<p>La nostra \u00e8 una scuola orientativa in quanto<\/p>\n<ul>\n<li>accompagna l\u2019alunno alla scoperta di attitudini, abilit\u00e0 ed interessi<\/li>\n<li>lavora all&#8217;acquisizione di competenze di cittadinanza<\/li>\n<li>favorisce l&#8217;iniziativa dell&#8217;alunno<\/li>\n<li>accompagna l&#8217;alunno nel percorso di conoscenza della propria identit\u00e0 come fondamento per operare scelte realistiche<\/li>\n<li>lavora alla realizzazione di s\u00e9 in un contesto relazionale e sociale.<\/li>\n<\/ul>\n<p><!--more-->La modalit\u00e0 orientativa \u00e8 intrinseca nella didattica e si esplica attraverso<\/p>\n<ul>\n<li>la promozione di un sapere di progetto e di processo<\/li>\n<li>l&#8217;utilizzo di metodologie laboratoriali<\/li>\n<li>la considerazione delle discipline come chiavi di accesso alla realt\u00e0.<\/li>\n<\/ul>\n<p>L&#8217;applicazione della dimensione orientativa dell&#8217;apprendimento determina in chi apprende:<\/p>\n<ul>\n<li>assunzione di responsabilit\u00e0 verso se stesso e gli altri<\/li>\n<li>riflessione sul percorso personale<\/li>\n<li>integrazione nel mondo reale<\/li>\n<li>capacit\u00e0 di elaborare scelta consapevole.<\/li>\n<\/ul>\n<p>L&#8217;orientamento come attivit\u00e0 specifica finalizzata<\/p>\n<p>Nel primo quadrimestre del terzo anno della scuola secondaria viene organizzato un percorso dedicato che consente di approfondire la riflessione su di s\u00e9 e la conoscenza delle proposte territoriali, finalizzato alla scelta della scuola secondaria di 2\u00b0 grado. Tale percorso si conclude con l&#8217;espressione del Consiglio orientativo da parte dell&#8217;\u00e9quipe pedagogica.<\/p>\n<h3><b>Percorso triennale orientamento<\/b><\/h3>\n<p>L&#8217;attivit\u00e0 di orientamento, incentrata sulla conoscenza di s\u00e9, degli altri, del contesto, sulla scelta consapevole e ragionata del proprio futuro, va intesa non come un&#8217;attivit\u00e0 a s\u00e9 stante, bens\u00ec come un&#8217;attivit\u00e0 centrale di ogni azione educativa messa in essere dal Consiglio di Classe. L&#8217;obiettivo generale \u00e8 quello di spingere in primis i ragazzi a riflettere su di s\u00e9, non intesi per\u00f2 come individui singoli ma come persone inserite in un contesto sociale sempre pi\u00f9 articolato e condizionante, governato da regole. Tutte queste attivit\u00e0 hanno come obiettivo finale mettere l&#8217;alunno in condizione di compiere scelte realistiche, sviluppare competenze di cittadinanza che gli permettano di vivere e agire come cittadini in un mondo in continuo e rapido cambiamento.<\/p>\n<p><a href=\"http:\/\/www.icferno.gov.it\/wp-content\/uploads\/2015\/07\/Tabella-obiettivi-generali-per-le-tre-classi.pdf\">Tabella obiettivi generali per le tre classi<\/a><div class=\"attachments\"><dl class=\"attachments attachments-large\"><dt class=\"icon\">\r\n\t<a title=\"Tabella obiettivi generali per le tre classi\" href=\"https:\/\/www.icferno.edu.it\/old\/studenti\/orientamento\/?aid=3065&#038;sa=0\" >\r\n\t\t<img loading=\"lazy\" decoding=\"async\" src=\"https:\/\/www.icferno.edu.it\/old\/wp-content\/plugins\/eg-attachments\/img\/flags\/file-ext\/pdf.png\" width=\"48\" height=\"48\"  alt=\"Tabella obiettivi generali per le tre classi\" \/>\r\n\t<\/a>\r\n<\/dt>\r\n<dd class=\"caption\">\r\n\t<strong>Titolo<\/strong>: <a title=\"Tabella obiettivi generali per le tre classi\" href=\"https:\/\/www.icferno.edu.it\/old\/studenti\/orientamento\/?aid=3065&#038;sa=0\" >Tabella obiettivi generali per le tre classi<\/a> (787 clicks)\r\n\t<br\/>\r\n\t<strong>Etichetta<\/strong>: \r\n\t<br\/>\r\n\t<strong>Filename<\/strong>: tabella-obiettivi-generali-per-le-tre-classi.pdf\r\n\t<br\/>\r\n\t<strong>Dimensione<\/strong>: 25 KB\r\n<\/dd>\r\n<\/dl><p><\/p><\/div><\/p>\n","protected":false},"excerpt":{"rendered":"<p>L&#8217;orientamento come dimensione formativa portante.<\/p>\n","protected":false},"author":1,"featured_media":0,"parent":45,"menu_order":2,"comment_status":"closed","ping_status":"closed","template":"","meta":{"ngg_post_thumbnail":0,"footnotes":""},"class_list":["post-3048","page","type-page","status-publish","hentry"],"_links":{"self":[{"href":"https:\/\/www.icferno.edu.it\/old\/wp-json\/wp\/v2\/pages\/3048"}],"collection":[{"href":"https:\/\/www.icferno.edu.it\/old\/wp-json\/wp\/v2\/pages"}],"about":[{"href":"https:\/\/www.icferno.edu.it\/old\/wp-json\/wp\/v2\/types\/page"}],"author":[{"embeddable":true,"href":"https:\/\/www.icferno.edu.it\/old\/wp-json\/wp\/v2\/users\/1"}],"replies":[{"embeddable":true,"href":"https:\/\/www.icferno.edu.it\/old\/wp-json\/wp\/v2\/comments?post=3048"}],"version-history":[{"count":7,"href":"https:\/\/www.icferno.edu.it\/old\/wp-json\/wp\/v2\/pages\/3048\/revisions"}],"predecessor-version":[{"id":9628,"href":"https:\/\/www.icferno.edu.it\/old\/wp-json\/wp\/v2\/pages\/3048\/revisions\/9628"}],"up":[{"embeddable":true,"href":"https:\/\/www.icferno.edu.it\/old\/wp-json\/wp\/v2\/pages\/45"}],"wp:attachment":[{"href":"https:\/\/www.icferno.edu.it\/old\/wp-json\/wp\/v2\/media?parent=3048"}],"curies":[{"name":"wp","href":"https:\/\/api.w.org\/{rel}","templated":true}]}}