{"id":2158,"date":"2014-04-17T10:47:31","date_gmt":"2014-04-17T10:47:31","guid":{"rendered":"http:\/\/www.icferno.gov.it\/?page_id=2158"},"modified":"2023-08-29T15:51:02","modified_gmt":"2023-08-29T15:51:02","slug":"orario-attivita-didattica","status":"publish","type":"page","link":"https:\/\/www.icferno.edu.it\/old\/scuola-primaria-carlo-cozzi\/orario-attivita-didattica\/","title":{"rendered":"Il tempo scuola"},"content":{"rendered":"<h4>opzione A:<\/h4>\n<p><strong>dalla classe prima alla classe terza<\/strong><\/p>\n<p>orario obbligatorio ( 27 ore settimanali )<br \/>\n5 mattine (h 8.00 \u2013 12.20)<br \/>\n3 pomeriggi<br \/>\nluned\u00ec mercoled\u00ec venerd\u00ec (h 14.00 \u2013 16.05)<\/p>\n<h4><strong>dalla classe quarta alla classe quinta <\/strong><\/h4>\n<p><span class=\"Apple-converted-space\">&nbsp;<\/span>luned\u00ec, mercoled\u00ec e venerd\u00ec orario invariato dalle 8.00 alle 12.20 e dalle 14.00 alle 16.00;<span class=\"Apple-converted-space\">&nbsp;<\/span><\/p>\n<p>marted\u00ec e gioved\u00ec orario aggiornato dalle 8.00 alle 13.20.<span class=\"Apple-converted-space\">&nbsp;<\/span><\/p>\n<p><strong>mensa facoltativa<\/strong><\/p>\n<h4>opzione B:<\/h4>\n<p>orario obbligatorio &nbsp;(40 ore settimanali)<br \/>\ndalle h.8.00 alle ore 16:05<\/p>\n<p>&nbsp;<\/p>\n<p>&nbsp;<\/p>\n<p>&nbsp;<\/p>\n","protected":false},"excerpt":{"rendered":"<p>opzione A: dalla classe prima alla classe terza orario obbligatorio ( 27 ore settimanali ) 5 mattine (h 8.00 \u2013 12.20) 3 pomeriggi luned\u00ec mercoled\u00ec venerd\u00ec (h 14.00 \u2013 16.05) dalla classe quarta alla classe quinta &nbsp;luned\u00ec, mercoled\u00ec e venerd\u00ec orario invariato dalle 8.00 alle 12.20 e dalle 14.00 alle 16.00;&nbsp; marted\u00ec e gioved\u00ec orario&nbsp; &nbsp; <a class=\"moretag\" href=\"https:\/\/www.icferno.edu.it\/old\/scuola-primaria-carlo-cozzi\/orario-attivita-didattica\/\" title=\"Leggi l&#180;intero articolo\">&raquo;<\/a><\/p>\n","protected":false},"author":1,"featured_media":0,"parent":2156,"menu_order":2,"comment_status":"closed","ping_status":"closed","template":"","meta":{"ngg_post_thumbnail":0,"footnotes":""},"class_list":["post-2158","page","type-page","status-publish","hentry"],"_links":{"self":[{"href":"https:\/\/www.icferno.edu.it\/old\/wp-json\/wp\/v2\/pages\/2158"}],"collection":[{"href":"https:\/\/www.icferno.edu.it\/old\/wp-json\/wp\/v2\/pages"}],"about":[{"href":"https:\/\/www.icferno.edu.it\/old\/wp-json\/wp\/v2\/types\/page"}],"author":[{"embeddable":true,"href":"https:\/\/www.icferno.edu.it\/old\/wp-json\/wp\/v2\/users\/1"}],"replies":[{"embeddable":true,"href":"https:\/\/www.icferno.edu.it\/old\/wp-json\/wp\/v2\/comments?post=2158"}],"version-history":[{"count":4,"href":"https:\/\/www.icferno.edu.it\/old\/wp-json\/wp\/v2\/pages\/2158\/revisions"}],"predecessor-version":[{"id":12478,"href":"https:\/\/www.icferno.edu.it\/old\/wp-json\/wp\/v2\/pages\/2158\/revisions\/12478"}],"up":[{"embeddable":true,"href":"https:\/\/www.icferno.edu.it\/old\/wp-json\/wp\/v2\/pages\/2156"}],"wp:attachment":[{"href":"https:\/\/www.icferno.edu.it\/old\/wp-json\/wp\/v2\/media?parent=2158"}],"curies":[{"name":"wp","href":"https:\/\/api.w.org\/{rel}","templated":true}]}}